{"id":1924,"date":"2022-04-26T10:49:04","date_gmt":"2022-04-26T10:49:04","guid":{"rendered":"https:\/\/grupo-ddmb.zeus.umh.es\/?page_id=1924"},"modified":"2022-04-27T10:42:26","modified_gmt":"2022-04-27T10:42:26","slug":"search-of-natural-compounds-mainly-dietary-polyphenols-with-modulating-effects-on-appetite-and-satiety-by-studying-the-secretion-of-anorexigenic-intestinal-hormones-ckk-glp-1-gip-and-pyy-using-e","status":"publish","type":"page","link":"https:\/\/grupo-ddmb.umh.es\/en\/search-of-natural-compounds-mainly-dietary-polyphenols-with-modulating-effects-on-appetite-and-satiety-by-studying-the-secretion-of-anorexigenic-intestinal-hormones-ckk-glp-1-gip-and-pyy-using-e\/","title":{"rendered":"Search of natural compounds (mainly dietary polyphenols) with modulating effects on appetite and satiety by studying the secretion of anorexigenic intestinal hormones (CKK, GLP-1, GIP and PYY) using enteroendocrine cell models"},"content":{"rendered":"<p>[et_pb_section fb_built=&#8221;1&#8243; admin_label=&#8221;section&#8221; _builder_version=&#8221;3.22&#8243;][et_pb_row admin_label=&#8221;row&#8221; _builder_version=&#8221;3.25&#8243; background_size=&#8221;initial&#8221; background_position=&#8221;top_left&#8221; background_repeat=&#8221;repeat&#8221;][et_pb_column type=&#8221;4_4&#8243; _builder_version=&#8221;3.25&#8243; custom_padding=&#8221;|||&#8221; custom_padding__hover=&#8221;|||&#8221;][et_pb_text _builder_version=&#8221;4.2.2&#8243;]<\/p>\n<p><b>\u201cSearch of natural compounds (mainly dietary polyphenols) with modulating effects on appetite and satiety by studying the secretion of anorexigenic intestinal hormones (CKK, GLP-1, GIP and PYY) using enteroendocrine cell models\u201d. <\/b><span style=\"font-weight: 400;\">PhD student: J\u00e9sica Mart\u00ednez Godfrey. Directors: Mar\u00eda Herranz L\u00f3pez y Enrique Barraj\u00f3n Catal\u00e1n.  Extracts enriched in these compounds will be studied in an animal model of diet-induced obesity, as well as in a clinical study in humans where the modulating effect of satiety and appetite will be correlated with electroencephalography profiles and neuroestimulation<\/span><span style=\"font-weight: 400;\">.<\/span><\/p>\n<p>[\/et_pb_text][et_pb_image src=&#8221;http:\/\/grupo-ddmb.zeus.umh.es\/files\/2022\/04\/Busquedadecompuestos.jpg&#8221; _builder_version=&#8221;4.2.2&#8243; hover_enabled=&#8221;0&#8243; align=&#8221;center&#8221;][\/et_pb_image][\/et_pb_column][\/et_pb_row][\/et_pb_section]<\/p>\n","protected":false},"excerpt":{"rendered":"<p>\u201cSearch of natural compounds (mainly dietary polyphenols) with modulating effects on appetite and satiety by studying the secretion of anorexigenic intestinal hormones (CKK, GLP-1, GIP and PYY) using enteroendocrine cell models\u201d. PhD student: J\u00e9sica Mart\u00ednez Godfrey. Directors: Mar\u00eda Herranz L\u00f3pez y Enrique Barraj\u00f3n Catal\u00e1n. Extracts enriched in these compounds will be studied in an animal [&hellip;]<\/p>\n","protected":false},"author":3782,"featured_media":0,"parent":0,"menu_order":0,"comment_status":"closed","ping_status":"closed","template":"","meta":{"_et_pb_use_builder":"on","_et_pb_old_content":"[et_pb_section fb_built=\"1\" admin_label=\"section\" _builder_version=\"3.22\"][et_pb_row admin_label=\"row\" _builder_version=\"3.25\" background_size=\"initial\" background_position=\"top_left\" background_repeat=\"repeat\"][et_pb_column type=\"4_4\" _builder_version=\"3.25\" custom_padding=\"|||\" custom_padding__hover=\"|||\"][et_pb_text _builder_version=\"4.2.2\" hover_enabled=\"0\"]<p><b>\u201cB\u00fasqueda de compuestos naturales (principalmente polifenoles de la dieta) con efecto modulador del apetito y la saciedad mediante el estudio de secreci\u00f3n de hormonas intestinales anorexig\u00e9nicas (CKK, GLP-1, GIP y PYY) utilizando modelos de c\u00e9lulas enteroendocrinas\u201d. <\/b><span style=\"font-weight: 400;\">Doctoranda: J\u00e9sica Mart\u00ednez Godfrey. Directores: Mar\u00eda Herranz L\u00f3pez y Enrique Barraj\u00f3n Catal\u00e1n. Extractos enriquecidos en dichos compuestos ser\u00e1n estudiados en un modelo animal de obesidad inducida por dieta, as\u00ed como en un estudio cl\u00ednico en humanos donde se correlacionar\u00e1 el efecto modulador de la saciedad y apetito con perfiles de electroencefalograf\u00eda y neuroestimulaci\u00f3n<\/span><span style=\"font-weight: 400;\">.<\/span><\/p>[\/et_pb_text][et_pb_image src=\"http:\/\/grupo-ddmb.zeus.umh.es\/files\/2022\/04\/Busquedadecompuestos.jpg\" _builder_version=\"4.2.2\"][\/et_pb_image][\/et_pb_column][\/et_pb_row][\/et_pb_section]","_et_gb_content_width":"","_links_to":"","_links_to_target":""},"_links":{"self":[{"href":"https:\/\/grupo-ddmb.umh.es\/en\/wp-json\/wp\/v2\/pages\/1924"}],"collection":[{"href":"https:\/\/grupo-ddmb.umh.es\/en\/wp-json\/wp\/v2\/pages"}],"about":[{"href":"https:\/\/grupo-ddmb.umh.es\/en\/wp-json\/wp\/v2\/types\/page"}],"author":[{"embeddable":true,"href":"https:\/\/grupo-ddmb.umh.es\/en\/wp-json\/wp\/v2\/users\/3782"}],"replies":[{"embeddable":true,"href":"https:\/\/grupo-ddmb.umh.es\/en\/wp-json\/wp\/v2\/comments?post=1924"}],"version-history":[{"count":0,"href":"https:\/\/grupo-ddmb.umh.es\/en\/wp-json\/wp\/v2\/pages\/1924\/revisions"}],"wp:attachment":[{"href":"https:\/\/grupo-ddmb.umh.es\/en\/wp-json\/wp\/v2\/media?parent=1924"}],"curies":[{"name":"wp","href":"https:\/\/api.w.org\/{rel}","templated":true}]}}