{"id":3461,"date":"2024-09-06T09:47:55","date_gmt":"2024-09-06T09:47:55","guid":{"rendered":"https:\/\/grupo-ddmb.umh.es\/?page_id=3461"},"modified":"2024-09-11T11:45:20","modified_gmt":"2024-09-11T11:45:20","slug":"principal","status":"publish","type":"page","link":"https:\/\/grupo-ddmb.umh.es\/en\/","title":{"rendered":"Principal"},"content":{"rendered":"<p>[et_pb_section fb_built=&#8221;1&#8243; prev_background_color=&#8221;#ffffff&#8221; disabled_on=&#8221;off|off|off&#8221; _builder_version=&#8221;4.17.4&#8243; background_color=&#8221;rgba(0,0,0,0.03)&#8221; background_image=&#8221;https:\/\/grupo-ddmb.umh.es\/files\/2023\/07\/Imagen-portada-de-grupo-scaled.jpg&#8221; background_size=&#8221;custom&#8221; background_image_width=&#8221;51%&#8221; background_position=&#8221;bottom_right&#8221; background_vertical_offset=&#8221;15%&#8221; background_enable_mask_style=&#8221;on&#8221; background_mask_style=&#8221;caret&#8221; background_mask_color=&#8221;#009684&#8243; background_mask_transform=&#8221;flip_vertical&#8221; background_mask_size=&#8221;custom&#8221; background_mask_width=&#8221;100%&#8221; background_mask_position=&#8221;center_right&#8221; background_mask_horizontal_offset=&#8221;33%&#8221; height=&#8221;417px&#8221; custom_margin=&#8221;||||false|false&#8221; top_divider_style=&#8221;none&#8221; background_last_edited=&#8221;on|phone&#8221; background_size_tablet=&#8221;cover&#8221; background_mask_size_tablet=&#8221;cover&#8221; background_mask_size_phone=&#8221;cover&#8221; background_mask_horizontal_offset_phone=&#8221;65%&#8221; box_shadow_style=&#8221;preset2&#8243; global_colors_info=&#8221;{}&#8221;][et_pb_row _builder_version=&#8221;4.16&#8243; global_colors_info=&#8221;{}&#8221; custom_padding=&#8221;|2px||||&#8221;][et_pb_column type=&#8221;4_4&#8243; _builder_version=&#8221;4.16&#8243; global_colors_info=&#8221;{}&#8221;][et_pb_text content_tablet=&#8221;<\/p>\n<h1><span><strong>GRUPO DE DISE\u00d1O<br \/>Y DESARROLLO DE<\/strong><br \/><strong>MOL\u00c9CULAS <\/strong><\/span><\/h1>\n<h1><span><strong>BIoACTIVAS<\/strong><\/span><\/h1>\n<p>&#8221; content_phone=&#8221;<\/p>\n<h1><span><strong>GRUPO DE DISE\u00d1O<br \/>Y DESARROLLO <\/strong><\/span><\/h1>\n<h1><span><strong>DE <\/strong><strong>MOL\u00c9CULAS <\/strong><\/span><\/h1>\n<h1><span><strong>BIoACTIVAS<\/strong><\/span><\/h1>\n<p>&#8221; content_last_edited=&#8221;on|desktop&#8221; _builder_version=&#8221;4.17.4&#8243; header_font=&#8221;|300||on|||||&#8221; header_text_align=&#8221;center&#8221; header_font_size=&#8221;45px&#8221; header_line_height=&#8221;1.6em&#8221; background_enable_image=&#8221;off&#8221; header_font_size_tablet=&#8221;35px&#8221; header_font_size_phone=&#8221;25px&#8221; header_font_size_last_edited=&#8221;on|phone&#8221; header_text_shadow_style=&#8221;preset3&#8243; global_colors_info=&#8221;{}&#8221; custom_padding=&#8221;|477px||0px||&#8221;]<\/p>\n<h1 style=\"text-align: left\"><span style=\"color: #ffff\"><strong>DESIGN AND DEVELOPMENT group OF BIOACTIVE MOLECULES<\/strong><\/span><\/h1>\n<p>[\/et_pb_text][\/et_pb_column][\/et_pb_row][\/et_pb_section][et_pb_section fb_built=&#8221;1&#8243; _builder_version=&#8221;4.17.4&#8243; _module_preset=&#8221;default&#8221; global_colors_info=&#8221;{}&#8221;][et_pb_row column_structure=&#8221;1_3,1_3,1_3&#8243; _builder_version=&#8221;4.17.4&#8243; _module_preset=&#8221;default&#8221; global_colors_info=&#8221;{}&#8221;][et_pb_column type=&#8221;1_3&#8243; _builder_version=&#8221;4.17.4&#8243; _module_preset=&#8221;default&#8221; global_colors_info=&#8221;{}&#8221;][\/et_pb_column][et_pb_column type=&#8221;1_3&#8243; _builder_version=&#8221;4.17.4&#8243; _module_preset=&#8221;default&#8221; global_colors_info=&#8221;{}&#8221;][et_pb_image src=&#8221;https:\/\/grupo-ddmb.umh.es\/files\/2023\/07\/ddmb_horizontal-1024&#215;350.png&#8221; title_text=&#8221;ddmb_horizontal&#8221; align=&#8221;center&#8221; _builder_version=&#8221;4.17.4&#8243; _module_preset=&#8221;default&#8221; global_colors_info=&#8221;{}&#8221;][\/et_pb_image][\/et_pb_column][et_pb_column type=&#8221;1_3&#8243; _builder_version=&#8221;4.17.4&#8243; _module_preset=&#8221;default&#8221; global_colors_info=&#8221;{}&#8221;][\/et_pb_column][\/et_pb_row][et_pb_row _builder_version=&#8221;4.17.4&#8243; _module_preset=&#8221;default&#8221; global_colors_info=&#8221;{}&#8221;][et_pb_column type=&#8221;4_4&#8243; _builder_version=&#8221;4.17.4&#8243; _module_preset=&#8221;default&#8221; global_colors_info=&#8221;{}&#8221;][et_pb_text _builder_version=&#8221;4.17.4&#8243; _module_preset=&#8221;default&#8221; header_2_font=&#8221;|700|||||||&#8221; header_2_text_color=&#8221;#000000&#8243; header_2_font_size=&#8221;30px&#8221; header_2_line_height=&#8221;1.2em&#8221; border_color_top=&#8221;#ffffff&#8221; border_width_bottom=&#8221;9px&#8221; border_color_bottom=&#8221;#009684&#8243; global_colors_info=&#8221;{}&#8221;]<\/p>\n<h2 style=\"text-align: center\">&#8220;Comprometidos con la comprensi\u00f3n de los mecanismos moleculares de las enfermedades no transmisibles y la b\u00fasqueda de terapias innovadoras&#8221;<\/h2>\n<p>[\/et_pb_text][\/et_pb_column][\/et_pb_row][et_pb_row _builder_version=&#8221;4.17.4&#8243; _module_preset=&#8221;default&#8221; global_colors_info=&#8221;{}&#8221;][et_pb_column type=&#8221;4_4&#8243; _builder_version=&#8221;4.17.4&#8243; _module_preset=&#8221;default&#8221; global_colors_info=&#8221;{}&#8221;][et_pb_text _builder_version=&#8221;4.17.4&#8243; _module_preset=&#8221;default&#8221; text_font=&#8221;|300|||||||&#8221; text_text_color=&#8221;#000000&#8243; text_font_size=&#8221;19px&#8221; text_line_height=&#8221;1.8em&#8221; text_orientation=&#8221;justified&#8221; locked=&#8221;off&#8221; global_colors_info=&#8221;{}&#8221;]<\/p>\n<p style=\"text-align: justify\">El grupo de Dise\u00f1o y Desarrollo de Mol\u00e9culas bioactivas est\u00e1 formado por un equipo interdisciplinar de investigadores y profesores de la Universidad Miguel Hern\u00e1ndez (UMH) y centra su atenci\u00f3n en la utilizaci\u00f3n de compuestos de origen natural para el tratamiento de diferentes enfermedades, siempre basada en la evidencia cient\u00edfica y buscando la excelencia en todos los trabajos y proyectos que realizamos.<\/p>\n<p style=\"text-align: justify\">Nos encontramos dentro del Instituto de Investigaci\u00f3n, Desarrollo e Innovaci\u00f3n en Biotecnolog\u00eda Sanitaria de Elche (IDiBE), centro de investigaci\u00f3n de excelencia que se caracteriza por el abordaje interdisciplinar y de excelencia de todo lo relacionado con la biotecnolog\u00eda sanitaria.<\/p>\n<p style=\"text-align: justify\">Nuestro grupo cuenta tambi\u00e9n con una destacada labor de transferencia al mundo empresarial, participando en desarrollos conjuntos y proyectos de investigaci\u00f3n traslacional.<\/p>\n<p>[\/et_pb_text][et_pb_button button_text=&#8221;LEER M\u00c1S&#8221; button_alignment=&#8221;center&#8221; module_class=&#8221;rv_button&#8221; _builder_version=&#8221;4.17.4&#8243; custom_button=&#8221;on&#8221; button_text_size=&#8221;22px&#8221; button_text_color=&#8221;#ffffff&#8221; button_bg_color=&#8221;#009684&#8243; button_border_color=&#8221;#FFFFFF&#8221; button_border_radius=&#8221;13px&#8221; button_icon=&#8221;&#x3b;||divi||400&#8243; background_layout=&#8221;dark&#8221; locked=&#8221;off&#8221; global_colors_info=&#8221;{}&#8221;][\/et_pb_button][et_pb_text module_id=&#8221;reveal&#8221; _builder_version=&#8221;4.17.4&#8243; _module_preset=&#8221;default&#8221; text_font=&#8221;|300|||||||&#8221; text_text_color=&#8221;#000000&#8243; text_font_size=&#8221;19px&#8221; text_line_height=&#8221;1.8em&#8221; header_3_text_color=&#8221;#000000&#8243; text_orientation=&#8221;justified&#8221; locked=&#8221;off&#8221; global_colors_info=&#8221;{}&#8221;]<\/p>\n<h3 style=\"text-align: justify\"><strong>LAS PRINCIPALES L\u00cdNEAS DE INVESTIGACI\u00d3N SON:<\/strong><\/h3>\n<p><strong><\/strong><\/p>\n<p style=\"text-align: justify\"><strong>Obesidad y s\u00edndrome metab\u00f3lico:<\/strong><span> Esta l\u00ednea de investigaci\u00f3n se centra en la b\u00fasqueda e identificaci\u00f3n de las mol\u00e9culas bioactivas responsables de la gesti\u00f3n de la homeostasis energ\u00e9tica y la mejora de las alteraciones metab\u00f3licas asociadas a la obesidad. Este objetivo general se aborda desde diferentes estrategias: modulando v\u00edas relacionadas con la gesti\u00f3n de la energ\u00eda e induciendo el pardeamiento del adipocito blanco y activando la termog\u00e9nesis. Para ello se utilizan t\u00e9cnicas de cribado in silico y l\u00edneas celulares preadipocitarias que permiten evaluar la capacidad de los compuestos para activar dianas espec\u00edficas, as\u00ed como sus efectos sobre el metabolismo lip\u00eddico y las alteraciones metab\u00f3licas inducidas por glucolipotoxicidad en el tejido adiposo. Los resultados de esta investigaci\u00f3n proporcionan candidatos potenciales para la elaboraci\u00f3n de nutrac\u00e9uticos que modulen el metabolismo energ\u00e9tico y la plasticidad del tejido adiposo como estrategias terap\u00e9uticas contra la obesidad.\u00a0<\/span><span style=\"text-decoration: underline;color: #0000ff\"><span><a href=\"https:\/\/www.mdpi.com\/2072-6643\/11\/12\/2961\" target=\"_blank\" rel=\"noopener\" style=\"color: #0000ff;text-decoration: underline\">Publicaci\u00f3n representativa<\/a>.<\/span><\/span><\/p>\n<p style=\"text-align: justify\"><span><strong>C\u00e1ncer: <\/strong>en esta l\u00ednea, nuestro grupo trabaja en la b\u00fasqueda de nuevos compuestos con actividad antitumoral a partir de fuentes vegetales y marinas, con especial atenci\u00f3n a los c\u00e1nceres de mama y colon. Este proyecto cuenta con el \u201cSello de inter\u00e9s social\u201d de la Oficina de Mecenazgo de la Generalitat Valenciana. <span style=\"text-decoration: underline;color: #0000ff\"><a href=\"http:\/\/scholar.google.com\/scholar?cluster=6519947154007273177&amp;hl=en&amp;oi=scholarr\" target=\"_blank\" rel=\"noopener\" style=\"color: #0000ff\">Publicaci\u00f3n representativa<\/a>.<\/span><\/span><\/p>\n<p style=\"text-align: justify\"><span><strong>Cosm\u00e9tica: <\/strong>en esta l\u00ednea trabajamos en dos frentes diferentes, el desarrollo de nuevos m\u00e9todos<i>in vitro<\/i>para el cribado de actividades biol\u00f3gicas de inter\u00e9s y la b\u00fasqueda y caracterizaci\u00f3n de nuevos ingredientes con actividades cosm\u00e9ticas de inter\u00e9s. <span style=\"text-decoration: underline;color: #0000ff\"><a href=\"https:\/\/www.mdpi.com\/2076-3921\/9\/5\/418\" target=\"_blank\" rel=\"noopener\" style=\"color: #0000ff;text-decoration: underline\">Publicaci\u00f3n representativa.<\/a><\/span><\/span><\/p>\n<p style=\"text-align: justify\"><span><strong>Antimicrobianos: <\/strong>dentro de este apartado nuestro grupo trabaja en el desarrollo de nuevos agentes antimicrobianos a partir de fuentes naturales con especial atenci\u00f3n a su acci\u00f3n sobre cepas de inter\u00e9s cl\u00ednico resistentes a antibi\u00f3ticos. <span style=\"text-decoration: underline;color: #0000ff\"><a href=\"https:\/\/www.nature.com\/articles\/s41598-020-80003-y\" target=\"_blank\" rel=\"noopener\" style=\"color: #0000ff;text-decoration: underline\">Publicaci\u00f3n representativa.<\/a><\/span><\/span><span><\/span><\/p>\n<p>[\/et_pb_text][\/et_pb_column][\/et_pb_row][\/et_pb_section][et_pb_section fb_built=&#8221;1&#8243; _builder_version=&#8221;4.17.4&#8243; _module_preset=&#8221;default&#8221; locked=&#8221;off&#8221; global_colors_info=&#8221;{}&#8221;][et_pb_row column_structure=&#8221;1_4,1_4,1_2&#8243; make_equal=&#8221;on&#8221; _builder_version=&#8221;4.17.4&#8243; _module_preset=&#8221;default&#8221; max_width=&#8221;1307px&#8221; custom_css_main_element=&#8221;align-items: center;&#8221; global_colors_info=&#8221;{}&#8221;][et_pb_column type=&#8221;1_4&#8243; _builder_version=&#8221;4.17.4&#8243; _module_preset=&#8221;default&#8221; global_colors_info=&#8221;{}&#8221;][et_pb_image src=&#8221;https:\/\/grupo-ddmb.umh.es\/files\/2023\/07\/MICINN-logo.png&#8221; alt=&#8221;Logo MICINN&#8221; title_text=&#8221;Logo MICINN&#8221; url=&#8221;https:\/\/www.ciencia.gob.es\/&#8221; url_new_window=&#8221;on&#8221; _builder_version=&#8221;4.17.4&#8243; _module_preset=&#8221;default&#8221; global_colors_info=&#8221;{}&#8221;][\/et_pb_image][\/et_pb_column][et_pb_column type=&#8221;1_4&#8243; _builder_version=&#8221;4.17.4&#8243; _module_preset=&#8221;default&#8221; global_colors_info=&#8221;{}&#8221;][et_pb_image src=&#8221;https:\/\/grupo-ddmb.umh.es\/files\/2023\/07\/logo-gva-proyecto-prometeo.png&#8221; alt=&#8221;Logo Prometeo GV&#8221; title_text=&#8221;logo-gva-proyecto-prometeo&#8221; url=&#8221;https:\/\/isletcellsignal.umh.es\/prometeo-project\/&#8221; _builder_version=&#8221;4.17.4&#8243; _module_preset=&#8221;default&#8221; max_width=&#8221;84%&#8221; global_colors_info=&#8221;{}&#8221;][\/et_pb_image][\/et_pb_column][et_pb_column type=&#8221;1_2&#8243; _builder_version=&#8221;4.17.4&#8243; _module_preset=&#8221;default&#8221; global_colors_info=&#8221;{}&#8221;][et_pb_image src=&#8221;https:\/\/grupo-ddmb.umh.es\/files\/2023\/10\/logo-AVI.png&#8221; title_text=&#8221;logo AVI&#8221; _builder_version=&#8221;4.17.4&#8243; _module_preset=&#8221;default&#8221; global_colors_info=&#8221;{}&#8221;][\/et_pb_image][\/et_pb_column][\/et_pb_row][\/et_pb_section]<\/p>\n","protected":false},"excerpt":{"rendered":"<p>DESIGN AND DEVELOPMENT group OF BIOACTIVE MOLECULES&#8221;Comprometidos con la comprensi\u00f3n de los mecanismos moleculares de las enfermedades no transmisibles y la b\u00fasqueda de terapias innovadoras&#8221;El grupo de Dise\u00f1o y Desarrollo de Mol\u00e9culas bioactivas est\u00e1 formado por un equipo interdisciplinar de investigadores y profesores de la Universidad Miguel Hern\u00e1ndez (UMH) y centra su atenci\u00f3n en la [&hellip;]<\/p>\n","protected":false},"author":3782,"featured_media":0,"parent":0,"menu_order":0,"comment_status":"closed","ping_status":"closed","template":"","meta":{"_et_pb_use_builder":"on","_et_pb_old_content":"[et_pb_section fb_built=\"1\" prev_background_color=\"#ffffff\" disabled_on=\"off|off|off\" _builder_version=\"4.17.4\" background_color=\"rgba(0,0,0,0.03)\" background_image=\"https:\/\/grupo-ddmb.umh.es\/files\/2023\/07\/Imagen-portada-de-grupo-scaled.jpg\" background_size=\"custom\" background_image_width=\"51%\" background_position=\"bottom_right\" background_vertical_offset=\"15%\" background_enable_mask_style=\"on\" background_mask_style=\"caret\" background_mask_color=\"#009684\" background_mask_transform=\"flip_vertical\" background_mask_size=\"custom\" background_mask_width=\"100%\" background_mask_position=\"center_right\" background_mask_horizontal_offset=\"33%\" height=\"417px\" custom_margin=\"||||false|false\" top_divider_style=\"none\" background_last_edited=\"on|phone\" background_size_tablet=\"cover\" background_mask_size_tablet=\"cover\" background_mask_size_phone=\"cover\" background_mask_horizontal_offset_phone=\"65%\" box_shadow_style=\"preset2\" global_colors_info=\"{}\"][et_pb_row _builder_version=\"4.16\" global_colors_info=\"{}\"][et_pb_column type=\"4_4\" _builder_version=\"4.16\" global_colors_info=\"{}\"][et_pb_text content_tablet=\"<h1 style=%22text-align: left;%22><span style=%22color: #ffff;%22><strong>GRUPO DE DISE\u00d1O<br \/>Y DESARROLLO DE<\/strong><br \/><strong>MOL\u00c9CULAS <\/strong><\/span><\/h1>\r\n<h1 style=%22text-align: left;%22><span style=%22color: #ffff;%22><strong>BIoACTIVAS<\/strong><\/span><\/h1>\" content_phone=\"<h1 style=%22text-align: left;%22><span style=%22color: #ffff;%22><strong>GRUPO DE DISE\u00d1O<br \/>Y DESARROLLO <\/strong><\/span><\/h1>\r\n<h1 style=%22text-align: left;%22><span style=%22color: #ffff;%22><strong>DE <\/strong><strong>MOL\u00c9CULAS <\/strong><\/span><\/h1>\r\n<h1 style=%22text-align: left;%22><span style=%22color: #ffff;%22><strong>BIoACTIVAS<\/strong><\/span><\/h1>\" content_last_edited=\"on|desktop\" _builder_version=\"4.17.4\" header_font=\"|300||on|||||\" header_text_align=\"center\" header_font_size=\"45px\" header_line_height=\"1.6em\" background_enable_image=\"off\" header_font_size_tablet=\"35px\" header_font_size_phone=\"25px\" header_font_size_last_edited=\"on|phone\" header_text_shadow_style=\"preset3\" global_colors_info=\"{}\"]<h1 style=\"text-align: left;\"><span style=\"color: #ffff;\"><strong>GRUPO DE DISE\u00d1O<br \/>Y DESARROLLO DE<\/strong><br \/><strong>MOL\u00c9CULAS BIoACTIVAS<\/strong><\/span><\/h1>[\/et_pb_text][\/et_pb_column][\/et_pb_row][\/et_pb_section][et_pb_section fb_built=\"1\" _builder_version=\"4.17.4\" _module_preset=\"default\" global_colors_info=\"{}\"][et_pb_row column_structure=\"1_3,1_3,1_3\" _builder_version=\"4.17.4\" _module_preset=\"default\" global_colors_info=\"{}\"][et_pb_column type=\"1_3\" _builder_version=\"4.17.4\" _module_preset=\"default\" global_colors_info=\"{}\"][\/et_pb_column][et_pb_column type=\"1_3\" _builder_version=\"4.17.4\" _module_preset=\"default\" global_colors_info=\"{}\"][et_pb_image src=\"https:\/\/grupo-ddmb.umh.es\/files\/2023\/07\/ddmb_horizontal-1024x350.png\" title_text=\"ddmb_horizontal\" align=\"center\" _builder_version=\"4.17.4\" _module_preset=\"default\" global_colors_info=\"{}\"][\/et_pb_image][\/et_pb_column][et_pb_column type=\"1_3\" _builder_version=\"4.17.4\" _module_preset=\"default\" global_colors_info=\"{}\"][\/et_pb_column][\/et_pb_row][et_pb_row _builder_version=\"4.17.4\" _module_preset=\"default\" global_colors_info=\"{}\"][et_pb_column type=\"4_4\" _builder_version=\"4.17.4\" _module_preset=\"default\" global_colors_info=\"{}\"][et_pb_text _builder_version=\"4.17.4\" _module_preset=\"default\" header_2_font=\"|700|||||||\" header_2_text_color=\"#000000\" header_2_font_size=\"30px\" header_2_line_height=\"1.2em\" border_color_top=\"#ffffff\" border_width_bottom=\"9px\" border_color_bottom=\"#009684\" global_colors_info=\"{}\"]<h2 style=\"text-align: center;\">\"Comprometidos con la comprensi\u00f3n de los mecanismos moleculares de las enfermedades no transmisibles y la b\u00fasqueda de terapias innovadoras\"<\/h2>[\/et_pb_text][\/et_pb_column][\/et_pb_row][et_pb_row _builder_version=\"4.17.4\" _module_preset=\"default\" global_colors_info=\"{}\"][et_pb_column type=\"4_4\" _builder_version=\"4.17.4\" _module_preset=\"default\" global_colors_info=\"{}\"][et_pb_text _builder_version=\"4.17.4\" _module_preset=\"default\" text_font=\"|300|||||||\" text_text_color=\"#000000\" text_font_size=\"19px\" text_line_height=\"1.8em\" text_orientation=\"justified\" locked=\"off\" global_colors_info=\"{}\"]<p style=\"text-align: justify;\">El grupo de Dise\u00f1o y Desarrollo de Mol\u00e9culas bioactivas est\u00e1 formado por un equipo interdisciplinar de investigadores y profesores de la Universidad Miguel Hern\u00e1ndez (UMH) y centra su atenci\u00f3n en la utilizaci\u00f3n de compuestos de origen natural para el tratamiento de diferentes enfermedades, siempre basada en la evidencia cient\u00edfica y buscando la excelencia en todos los trabajos y proyectos que realizamos.<\/p>\r\n<p style=\"text-align: justify;\">Nos encontramos dentro del Instituto de Investigaci\u00f3n, Desarrollo e Innovaci\u00f3n en Biotecnolog\u00eda Sanitaria de Elche (IDiBE), centro de investigaci\u00f3n de excelencia que se caracteriza por el abordaje interdisciplinar y de excelencia de todo lo relacionado con la biotecnolog\u00eda sanitaria.<\/p>\r\n<p style=\"text-align: justify;\">Nuestro grupo cuenta tambi\u00e9n con una destacada labor de transferencia al mundo empresarial, participando en desarrollos conjuntos y proyectos de investigaci\u00f3n traslacional.<\/p>[\/et_pb_text][et_pb_button button_text=\"LEER M\u00c1S\" button_alignment=\"center\" module_class=\"rv_button\" _builder_version=\"4.17.4\" custom_button=\"on\" button_text_size=\"22px\" button_text_color=\"#ffffff\" button_bg_color=\"#009684\" button_border_color=\"#FFFFFF\" button_border_radius=\"13px\" button_icon=\";||divi||400\" background_layout=\"dark\" locked=\"off\" global_colors_info=\"{}\"][\/et_pb_button][et_pb_text module_id=\"reveal\" _builder_version=\"4.17.4\" _module_preset=\"default\" text_font=\"|300|||||||\" text_text_color=\"#000000\" text_font_size=\"19px\" text_line_height=\"1.8em\" header_3_text_color=\"#000000\" text_orientation=\"justified\" locked=\"off\" global_colors_info=\"{}\"]<h3 style=\"text-align: justify;\"><strong>LAS PRINCIPALES L\u00cdNEAS DE INVESTIGACI\u00d3N SON:<\/strong><\/h3>\r\n<p><strong><\/strong><\/p>\r\n<p style=\"text-align: justify;\"><strong>Obesidad y s\u00edndrome metab\u00f3lico:<\/strong><span> Esta l\u00ednea de investigaci\u00f3n se centra en la b\u00fasqueda e identificaci\u00f3n de las mol\u00e9culas bioactivas responsables de la gesti\u00f3n de la homeostasis energ\u00e9tica y la mejora de las alteraciones metab\u00f3licas asociadas a la obesidad. Este objetivo general se aborda desde diferentes estrategias: modulando v\u00edas relacionadas con la gesti\u00f3n de la energ\u00eda e induciendo el pardeamiento del adipocito blanco y activando la termog\u00e9nesis. Para ello se utilizan t\u00e9cnicas de cribado in silico y l\u00edneas celulares preadipocitarias que permiten evaluar la capacidad de los compuestos para activar dianas espec\u00edficas, as\u00ed como sus efectos sobre el metabolismo lip\u00eddico y las alteraciones metab\u00f3licas inducidas por glucolipotoxicidad en el tejido adiposo. Los resultados de esta investigaci\u00f3n proporcionan candidatos potenciales para la elaboraci\u00f3n de nutrac\u00e9uticos que modulen el metabolismo energ\u00e9tico y la plasticidad del tejido adiposo como estrategias terap\u00e9uticas contra la obesidad.\u00a0<\/span><span style=\"text-decoration: underline; color: #0000ff;\"><span><a href=\"https:\/\/www.mdpi.com\/2072-6643\/11\/12\/2961\" target=\"_blank\" rel=\"noopener\" style=\"color: #0000ff; text-decoration: underline;\">Publicaci\u00f3n representativa<\/a>.<\/span><\/span><\/p>\r\n<p style=\"text-align: justify;\"><span><strong>C\u00e1ncer: <\/strong>en esta l\u00ednea, nuestro grupo trabaja en la b\u00fasqueda de nuevos compuestos con actividad antitumoral a partir de fuentes vegetales y marinas, con especial atenci\u00f3n a los c\u00e1nceres de mama y colon. Este proyecto cuenta con el \u201cSello de inter\u00e9s social\u201d de la Oficina de Mecenazgo de la Generalitat Valenciana. <span style=\"text-decoration: underline; color: #0000ff;\"><a href=\"http:\/\/scholar.google.com\/scholar?cluster=6519947154007273177&hl=en&oi=scholarr\" target=\"_blank\" rel=\"noopener\" style=\"color: #0000ff;\">Publicaci\u00f3n representativa<\/a>.<\/span><\/span><\/p>\r\n<p style=\"text-align: justify;\"><span><strong>Cosm\u00e9tica: <\/strong>en esta l\u00ednea trabajamos en dos frentes diferentes, el desarrollo de nuevos m\u00e9todos<i>in vitro<\/i>para el cribado de actividades biol\u00f3gicas de inter\u00e9s y la b\u00fasqueda y caracterizaci\u00f3n de nuevos ingredientes con actividades cosm\u00e9ticas de inter\u00e9s. <span style=\"text-decoration: underline; color: #0000ff;\"><a href=\"https:\/\/www.mdpi.com\/2076-3921\/9\/5\/418\" target=\"_blank\" rel=\"noopener\" style=\"color: #0000ff; text-decoration: underline;\">Publicaci\u00f3n representativa.<\/a><\/span><\/span><\/p>\r\n<p style=\"text-align: justify;\"><span><strong>Antimicrobianos: <\/strong>dentro de este apartado nuestro grupo trabaja en el desarrollo de nuevos agentes antimicrobianos a partir de fuentes naturales con especial atenci\u00f3n a su acci\u00f3n sobre cepas de inter\u00e9s cl\u00ednico resistentes a antibi\u00f3ticos. <span style=\"text-decoration: underline; color: #0000ff;\"><a href=\"https:\/\/www.nature.com\/articles\/s41598-020-80003-y\" target=\"_blank\" rel=\"noopener\" style=\"color: #0000ff; text-decoration: underline;\">Publicaci\u00f3n representativa.<\/a><\/span><\/span><span><\/span><\/p>[\/et_pb_text][\/et_pb_column][\/et_pb_row][\/et_pb_section][et_pb_section fb_built=\"1\" _builder_version=\"4.17.4\" _module_preset=\"default\" locked=\"off\" global_colors_info=\"{}\"][et_pb_row column_structure=\"1_4,1_4,1_2\" make_equal=\"on\" _builder_version=\"4.17.4\" _module_preset=\"default\" max_width=\"1307px\" custom_css_main_element=\"align-items: center;\" global_colors_info=\"{}\"][et_pb_column type=\"1_4\" _builder_version=\"4.17.4\" _module_preset=\"default\" global_colors_info=\"{}\"][et_pb_image src=\"https:\/\/grupo-ddmb.umh.es\/files\/2023\/07\/MICINN-logo.png\" alt=\"Logo MICINN\" title_text=\"Logo MICINN\" url=\"https:\/\/www.ciencia.gob.es\/\" url_new_window=\"on\" _builder_version=\"4.17.4\" _module_preset=\"default\" global_colors_info=\"{}\"][\/et_pb_image][\/et_pb_column][et_pb_column type=\"1_4\" _builder_version=\"4.17.4\" _module_preset=\"default\" global_colors_info=\"{}\"][et_pb_image src=\"https:\/\/grupo-ddmb.umh.es\/files\/2023\/07\/logo-gva-proyecto-prometeo.png\" alt=\"Logo Prometeo GV\" title_text=\"logo-gva-proyecto-prometeo\" url=\"https:\/\/isletcellsignal.umh.es\/prometeo-project\/\" _builder_version=\"4.17.4\" _module_preset=\"default\" max_width=\"84%\" global_colors_info=\"{}\"][\/et_pb_image][\/et_pb_column][et_pb_column type=\"1_2\" _builder_version=\"4.17.4\" _module_preset=\"default\" global_colors_info=\"{}\"][et_pb_image src=\"https:\/\/grupo-ddmb.umh.es\/files\/2023\/10\/logo-AVI.png\" title_text=\"logo AVI\" _builder_version=\"4.17.4\" _module_preset=\"default\" global_colors_info=\"{}\"][\/et_pb_image][\/et_pb_column][\/et_pb_row][\/et_pb_section]","_et_gb_content_width":"","_links_to":"","_links_to_target":""},"_links":{"self":[{"href":"https:\/\/grupo-ddmb.umh.es\/en\/wp-json\/wp\/v2\/pages\/3461"}],"collection":[{"href":"https:\/\/grupo-ddmb.umh.es\/en\/wp-json\/wp\/v2\/pages"}],"about":[{"href":"https:\/\/grupo-ddmb.umh.es\/en\/wp-json\/wp\/v2\/types\/page"}],"author":[{"embeddable":true,"href":"https:\/\/grupo-ddmb.umh.es\/en\/wp-json\/wp\/v2\/users\/3782"}],"replies":[{"embeddable":true,"href":"https:\/\/grupo-ddmb.umh.es\/en\/wp-json\/wp\/v2\/comments?post=3461"}],"version-history":[{"count":0,"href":"https:\/\/grupo-ddmb.umh.es\/en\/wp-json\/wp\/v2\/pages\/3461\/revisions"}],"wp:attachment":[{"href":"https:\/\/grupo-ddmb.umh.es\/en\/wp-json\/wp\/v2\/media?parent=3461"}],"curies":[{"name":"wp","href":"https:\/\/api.w.org\/{rel}","templated":true}]}}